{"id":10766,"date":"2025-06-03T10:51:55","date_gmt":"2025-07-01T09:56:29","guid":{"rendered":"https:\/\/www.kathrinenorgard.no\/?post_type=product&#038;p=10766"},"modified":"2026-03-23T11:03:23","modified_gmt":"2026-03-23T10:03:23","slug":"josephina-body-kathrine-norgard-signature-collection","status":"publish","type":"product","link":"https:\/\/www.kathrinenorgard.no\/en\/nettbutikk\/kathrine-norgard-signature-collection\/body\/josephina-body-kathrine-norgard-signature-collection\/","title":{"rendered":"Josephina body, Kathrine N\u00f8rg\u00e5rd Signature Collection"},"content":{"rendered":"<p>ngg_shortcode_0_placeholderKathrine N\u00f8rg\u00e5rd Signature Collection, style Josephina.<\/p>\n<p><span style=\"font-weight: 400;\">Josephina is an elegant bodysuit designed in lycra-elastane fabric with comfortable stretch that flatters and shapes the body. The bodysuit comes in black, enhancing its timeless look.<\/span><\/p>\n<p><span style=\"font-weight: 400;\">Josephina features a deep v-neckline with delicate lace along the edge, as well as a sheer panel above that subtly softens the neckline for a sophisticated balance between elegance and discretion. The bodysuit has lace ruffle details on the shoulders, adding a feminine touch and creating volume and movement in an elegant way. Josephina opens and closes discreetly with two snap buttons at the bottom of the bodysuit, and closes at the neck with a keyhole detail for an elegant finish. The body can be machine washed at 30\u00b0C, using a laundry bag is recommended.<\/span><\/p>\n<p><span style=\"font-weight: 400;\">Josephina is a delicate wardrobe staple with character \u2013 it can easily be styled up or down. With different shoes and accessories, it suits a variety of occasions. The bodysuit can be styled with the <\/span><a href=\"https:\/\/www.kathrinenorgard.no\/en\/nettbutikk\/skirt\/ella-leather-skirt-kathrine-norgard-signature-collection\/\"><b><i>Ella <\/i><\/b><\/a><span style=\"font-weight: 400;\"><a href=\"https:\/\/www.kathrinenorgard.no\/en\/nettbutikk\/skirt\/ella-leather-skirt-kathrine-norgard-signature-collection\/\">leather skirt<\/a> from the Kathrine N\u00f8rg\u00e5rd Signature Collection, as shown in the image.<\/span><\/p>\n","protected":false},"excerpt":{"rendered":"<p>Kathrine N\u00f8rg\u00e5rd Signature Collection, style Josephina.<\/p>\n<p><span style=\"font-weight: 400;\">Josephina is an elegant bodysuit designed in lycra-elastane fabric with comfortable stretch that flatters and shapes the body. The bodysuit comes in black, enhancing its timeless look.<\/span><\/p>\n<p><span style=\"font-weight: 400;\">Josephina features a deep v-neckline with delicate lace along the edge, as well as a sheer panel above that subtly softens the neckline for a sophisticated balance between elegance and discretion. The bodysuit has lace ruffle details on the shoulders, adding a feminine touch and creating volume and movement in an elegant way. Josephina opens and closes discreetly with two snap buttons at the bottom of the bodysuit, and closes at the neck with a keyhole detail for an elegant finish. The body can be machine washed at 30\u00b0C, using a laundry bag is recommended.<\/span><\/p>\n<p><span style=\"font-weight: 400;\">Josephina is a delicate wardrobe staple with character \u2013 it can easily be styled up or down. With different shoes and accessories, it suits a variety of occasions. The bodysuit can be styled with the <\/span><a href=\"https:\/\/www.kathrinenorgard.no\/en\/nettbutikk\/skirt\/ella-leather-skirt-kathrine-norgard-signature-collection\/\"><b><i>Ella <\/i><\/b><\/a><span style=\"font-weight: 400;\"><a href=\"https:\/\/www.kathrinenorgard.no\/en\/nettbutikk\/skirt\/ella-leather-skirt-kathrine-norgard-signature-collection\/\">leather skirt<\/a> from the Kathrine N\u00f8rg\u00e5rd Signature Collection, as shown in the image.<\/span><\/p>\n","protected":false},"featured_media":10797,"comment_status":"open","ping_status":"closed","template":"","meta":{"_acf_changed":false,"ghostkit_customizer_options":"","ghostkit_custom_css":"","ghostkit_custom_js_head":"","ghostkit_custom_js_foot":"","ghostkit_typography":"","ngg_post_thumbnail":0},"product_brand":[],"product_cat":[438,432],"product_tag":[],"class_list":{"0":"post-10766","1":"product","2":"type-product","3":"status-publish","4":"has-post-thumbnail","6":"product_cat-body","7":"product_cat-kathrine-norgard-signature-collection","9":"first","10":"instock","11":"taxable","12":"shipping-taxable","13":"purchasable","14":"product-type-variable"},"acf":[],"_links":{"self":[{"href":"https:\/\/www.kathrinenorgard.no\/en\/wp-json\/wp\/v2\/product\/10766","targetHints":{"allow":["GET"]}}],"collection":[{"href":"https:\/\/www.kathrinenorgard.no\/en\/wp-json\/wp\/v2\/product"}],"about":[{"href":"https:\/\/www.kathrinenorgard.no\/en\/wp-json\/wp\/v2\/types\/product"}],"replies":[{"embeddable":true,"href":"https:\/\/www.kathrinenorgard.no\/en\/wp-json\/wp\/v2\/comments?post=10766"}],"wp:featuredmedia":[{"embeddable":true,"href":"https:\/\/www.kathrinenorgard.no\/en\/wp-json\/wp\/v2\/media\/10797"}],"wp:attachment":[{"href":"https:\/\/www.kathrinenorgard.no\/en\/wp-json\/wp\/v2\/media?parent=10766"}],"wp:term":[{"taxonomy":"product_brand","embeddable":true,"href":"https:\/\/www.kathrinenorgard.no\/en\/wp-json\/wp\/v2\/product_brand?post=10766"},{"taxonomy":"product_cat","embeddable":true,"href":"https:\/\/www.kathrinenorgard.no\/en\/wp-json\/wp\/v2\/product_cat?post=10766"},{"taxonomy":"product_tag","embeddable":true,"href":"https:\/\/www.kathrinenorgard.no\/en\/wp-json\/wp\/v2\/product_tag?post=10766"}],"curies":[{"name":"wp","href":"https:\/\/api.w.org\/{rel}","templated":true}]}}