{"id":10535,"date":"2025-05-21T17:36:18","date_gmt":"2025-05-21T15:36:18","guid":{"rendered":"https:\/\/www.kathrinenorgard.no\/nettbutikk\/uncategorized\/madeline-gold-lame-dress-kathrine-norgard-signature-collection\/"},"modified":"2026-03-23T11:01:22","modified_gmt":"2026-03-23T10:01:22","slug":"madeline-gold-lame-dress-kathrine-norgard-signature-collection","status":"publish","type":"product","link":"https:\/\/www.kathrinenorgard.no\/en\/nettbutikk\/kathrine-norgard-signature-collection\/dress-kathrine-norgard-signature-collection\/madeline-gold-lame-dress-kathrine-norgard-signature-collection\/","title":{"rendered":"Madeline gold lam\u00e9 dress, Kathrine N\u00f8rg\u00e5rd Signature Collection"},"content":{"rendered":"<p>ngg_shortcode_0_placeholder<span style=\"font-weight: 400;\">Kathrine N\u00f8rg\u00e5rd Signature Collection, style Madeline.<\/span><\/p>\n<p><span style=\"font-weight: 400;\">Madeline is designed in exclusive gold lam\u00e9 material \u2013 a textured fabric where thin metal threads are spun around cotton to achieve the shiny effect, which creates a vibrant surface with a subtle sheen throughout the pattern. The shimmering pattern adds depth and a luxurious character, and catches the light with refined elegance. The dress is fully lined in nude silk for maximum comfort.<\/span><\/p>\n<p><span style=\"font-weight: 400;\">Madeline has a sculpted fit and length to just above the knee \u2013 giving the dress a feminine silhouette. The gold lam\u00e9 material adds an exclusive touch, with a shine that creates an exclusive expression. The combination of the elegant structure and the glossy quality of the material gives the dress an expression that is both eye-catching and glamorous. This dress is made of natural material and can be aired or dry cleaned if needed.<\/span><\/p>\n<p><span style=\"font-weight: 400;\">Madeline can be worn alone for an exclusive expression, or styled with the <em><a href=\"https:\/\/www.kathrinenorgard.no\/en\/nettbutikk\/blouse\/celine-blouse-kathrine-norgard-signature-collection-2\/\"><strong>Celine<\/strong><\/a><\/em> blouse from Kathrine N\u00f8rg\u00e5rd Signature Collection, for a complex outfit. Regardless of the combination, the dress is an eye-catcher \u2013 ideal for special occasions where elegance and distinctiveness are the focus.<\/span><\/p>\n","protected":false},"excerpt":{"rendered":"<p><span style=\"font-weight: 400;\">Kathrine N\u00f8rg\u00e5rd Signature Collection, style Madeline.<\/span><\/p>\n<p><span style=\"font-weight: 400;\">Madeline is designed in exclusive gold lam\u00e9 material \u2013 a textured fabric where thin metal threads are spun around cotton to achieve the shiny effect, which creates a vibrant surface with a subtle sheen throughout the pattern. The shimmering pattern adds depth and a luxurious character, and catches the light with refined elegance. The dress is fully lined in nude silk for maximum comfort.<\/span><\/p>\n<p><span style=\"font-weight: 400;\">Madeline has a sculpted fit and length to just above the knee \u2013 giving the dress a feminine silhouette. The gold lam\u00e9 material adds an exclusive touch, with a shine that creates an exclusive expression. The combination of the elegant structure and the glossy quality of the material gives the dress an expression that is both eye-catching and glamorous. This dress is made of natural material and can be aired or dry cleaned if needed.<\/span><\/p>\n<p><span style=\"font-weight: 400;\">Madeline can be worn alone for an exclusive expression, or styled with the <em><a href=\"https:\/\/www.kathrinenorgard.no\/en\/nettbutikk\/blouse\/celine-blouse-kathrine-norgard-signature-collection-2\/\"><strong>Celine<\/strong><\/a><\/em> blouse from Kathrine N\u00f8rg\u00e5rd Signature Collection, for a complex outfit. Regardless of the combination, the dress is an eye-catcher \u2013 ideal for special occasions where elegance and distinctiveness are the focus.<\/span><\/p>\n[ngg src=\"galleries\" ids=\"68\" display=\"basic_thumbnail\" thumbnail_crop=\"0\"]\n","protected":false},"featured_media":10406,"comment_status":"open","ping_status":"closed","template":"","meta":{"_acf_changed":false,"ghostkit_customizer_options":"","ghostkit_custom_css":"","ghostkit_custom_js_head":"","ghostkit_custom_js_foot":"","ghostkit_typography":"","ngg_post_thumbnail":0},"product_brand":[],"product_cat":[440,432],"product_tag":[],"class_list":{"0":"post-10535","1":"product","2":"type-product","3":"status-publish","4":"has-post-thumbnail","6":"product_cat-dress-kathrine-norgard-signature-collection","7":"product_cat-kathrine-norgard-signature-collection","9":"first","10":"instock","11":"taxable","12":"shipping-taxable","13":"purchasable","14":"product-type-variable"},"acf":[],"_links":{"self":[{"href":"https:\/\/www.kathrinenorgard.no\/en\/wp-json\/wp\/v2\/product\/10535","targetHints":{"allow":["GET"]}}],"collection":[{"href":"https:\/\/www.kathrinenorgard.no\/en\/wp-json\/wp\/v2\/product"}],"about":[{"href":"https:\/\/www.kathrinenorgard.no\/en\/wp-json\/wp\/v2\/types\/product"}],"replies":[{"embeddable":true,"href":"https:\/\/www.kathrinenorgard.no\/en\/wp-json\/wp\/v2\/comments?post=10535"}],"wp:featuredmedia":[{"embeddable":true,"href":"https:\/\/www.kathrinenorgard.no\/en\/wp-json\/wp\/v2\/media\/10406"}],"wp:attachment":[{"href":"https:\/\/www.kathrinenorgard.no\/en\/wp-json\/wp\/v2\/media?parent=10535"}],"wp:term":[{"taxonomy":"product_brand","embeddable":true,"href":"https:\/\/www.kathrinenorgard.no\/en\/wp-json\/wp\/v2\/product_brand?post=10535"},{"taxonomy":"product_cat","embeddable":true,"href":"https:\/\/www.kathrinenorgard.no\/en\/wp-json\/wp\/v2\/product_cat?post=10535"},{"taxonomy":"product_tag","embeddable":true,"href":"https:\/\/www.kathrinenorgard.no\/en\/wp-json\/wp\/v2\/product_tag?post=10535"}],"curies":[{"name":"wp","href":"https:\/\/api.w.org\/{rel}","templated":true}]}}